{"id":1382,"date":"2022-09-29T21:38:54","date_gmt":"2022-09-30T01:38:54","guid":{"rendered":"https:\/\/www.mimolimousine.com\/our-policies\/"},"modified":"2024-05-14T14:59:08","modified_gmt":"2024-05-14T18:59:08","slug":"nos-politiques","status":"publish","type":"page","link":"https:\/\/www.mimolimousine.com\/fr\/nos-politiques\/","title":{"rendered":"Nos politiques"},"content":{"rendered":"\t\t<div data-elementor-type=\"wp-page\" data-elementor-id=\"1382\" class=\"elementor elementor-1382 elementor-1379\">\n\t\t\t\t\t\t<section class=\"elementor-section elementor-top-section elementor-element elementor-element-237c9267 elementor-section-boxed elementor-section-height-default elementor-section-height-default\" data-id=\"237c9267\" data-element_type=\"section\" data-settings=\"{&quot;jet_parallax_layout_list&quot;:[]}\">\n\t\t\t\t\t\t<div class=\"elementor-container elementor-column-gap-default\">\n\t\t\t\t\t<div class=\"elementor-column elementor-col-100 elementor-top-column elementor-element elementor-element-5448d1cb\" data-id=\"5448d1cb\" data-element_type=\"column\">\n\t\t\t<div class=\"elementor-widget-wrap elementor-element-populated\">\n\t\t\t\t\t\t<div class=\"elementor-element elementor-element-39b53a5c elementor-widget elementor-widget-text-editor\" data-id=\"39b53a5c\" data-element_type=\"widget\" data-widget_type=\"text-editor.default\">\n\t\t\t\t<div class=\"elementor-widget-container\">\n\t\t\t<style>\/*! elementor - v3.23.0 - 05-08-2024 *\/\n.elementor-widget-text-editor.elementor-drop-cap-view-stacked .elementor-drop-cap{background-color:#69727d;color:#fff}.elementor-widget-text-editor.elementor-drop-cap-view-framed .elementor-drop-cap{color:#69727d;border:3px solid;background-color:transparent}.elementor-widget-text-editor:not(.elementor-drop-cap-view-default) .elementor-drop-cap{margin-top:8px}.elementor-widget-text-editor:not(.elementor-drop-cap-view-default) .elementor-drop-cap-letter{width:1em;height:1em}.elementor-widget-text-editor .elementor-drop-cap{float:left;text-align:center;line-height:1;font-size:50px}.elementor-widget-text-editor .elementor-drop-cap-letter{display:inline-block}<\/style>\t\t\t\t<h1><b>NOS POLITIQUES<\/b><\/h1><p><span style=\"text-decoration: underline;\"><strong>Service Aeroportuaire<\/strong><\/span><\/p><ul><li>45 minutes de temps compl\u00e9mentaire pour les arriv\u00e9es Domestiques, Internationales ou Am\u00e9ricaines<\/li><li>Le temps d&rsquo;attente suppl\u00e9mentaire sera factur\u00e9 selon le type de v\u00e9hicule r\u00e9serv\u00e9<\/li><\/ul><p><span style=\"text-decoration: underline;\"><strong>Service R\u00e9gulier<\/strong><\/span><\/p><ul><li>P\u00e9riode de gr\u00e2ce de 10 minutes au lieu de prise en charge<\/li><li>Le temps d&rsquo;attente suppl\u00e9mentaire sera factur\u00e9 selon le type de v\u00e9hicule r\u00e9serv\u00e9<\/li><\/ul><p><span style=\"text-decoration: underline;\"><strong>Annulations\/Modifications<\/strong><\/span><\/p><ul><li>Les cas de non-pr\u00e9sentations seront factur\u00e9es en totalit\u00e9<\/li><li>Les r\u00e9servations annul\u00e9es moins de 24 heures avant l&rsquo;heure de prise en charge sont soumises \u00e0 un paiement de 100%<\/li><li>Les modifications effectu\u00e9es moins de 12 heures avant l&rsquo;heure de prise en charge peuvent entra\u00eener des frais suppl\u00e9mentaires<\/li><li>La direction se r\u00e9serve le droit de refuser les modifications intempestives mais, dans la mesure de ses capacit\u00e9s, aidera \u00e0 relever tous les d\u00e9fis logistiques<\/li><\/ul><p><span style=\"text-decoration: underline;\"><strong>Tarification\/Devis<\/strong><\/span><\/p><ul><li>Les devis sont valides pour une p\u00e9riode de 24 heures<\/li><li>Les tarifs indiqu\u00e9s dans ce document sont susceptibles d&rsquo;\u00eatre modifi\u00e9s. La direction se r\u00e9serve le droit d&rsquo;apporter des corrections aux prix indiqu\u00e9s en raison d&rsquo;erreurs d&rsquo;\u00e9criture ou d&rsquo;erreurs d&rsquo;omission. En cas d&rsquo;exigences particuli\u00e8res ou de demandes particuli\u00e8res repr\u00e9sentant une augmentation de prix, le client sera inform\u00e9 et aura la possibilit\u00e9 de confirmer ladite augmentation<\/li><\/ul>\t\t\t\t\t\t<\/div>\n\t\t\t\t<\/div>\n\t\t\t\t\t<\/div>\n\t\t<\/div>\n\t\t\t\t\t<\/div>\n\t\t<\/section>\n\t\t\t\t<\/div>\n\t\t","protected":false},"excerpt":{"rendered":"<p>NOS POLITIQUES Service Aeroportuaire 45 minutes de temps compl\u00e9mentaire pour les arriv\u00e9es Domestiques, Internationales ou Am\u00e9ricaines Le temps d&rsquo;attente suppl\u00e9mentaire sera factur\u00e9 selon le type de v\u00e9hicule r\u00e9serv\u00e9 Service R\u00e9gulier P\u00e9riode de gr\u00e2ce de 10 minutes au lieu de prise en charge Le temps d&rsquo;attente suppl\u00e9mentaire sera factur\u00e9 selon le type de v\u00e9hicule r\u00e9serv\u00e9 Annulations\/Modifications [&hellip;]<\/p>\n","protected":false},"author":1,"featured_media":0,"parent":0,"menu_order":0,"comment_status":"closed","ping_status":"closed","template":"","meta":{"_seopress_robots_primary_cat":"","_seopress_titles_title":"","_seopress_titles_desc":"","_seopress_robots_index":"","footnotes":""},"class_list":["post-1382","page","type-page","status-publish","hentry"],"acf":[],"_links":{"self":[{"href":"https:\/\/www.mimolimousine.com\/fr\/wp-json\/wp\/v2\/pages\/1382","targetHints":{"allow":["GET"]}}],"collection":[{"href":"https:\/\/www.mimolimousine.com\/fr\/wp-json\/wp\/v2\/pages"}],"about":[{"href":"https:\/\/www.mimolimousine.com\/fr\/wp-json\/wp\/v2\/types\/page"}],"author":[{"embeddable":true,"href":"https:\/\/www.mimolimousine.com\/fr\/wp-json\/wp\/v2\/users\/1"}],"replies":[{"embeddable":true,"href":"https:\/\/www.mimolimousine.com\/fr\/wp-json\/wp\/v2\/comments?post=1382"}],"version-history":[{"count":8,"href":"https:\/\/www.mimolimousine.com\/fr\/wp-json\/wp\/v2\/pages\/1382\/revisions"}],"predecessor-version":[{"id":12662,"href":"https:\/\/www.mimolimousine.com\/fr\/wp-json\/wp\/v2\/pages\/1382\/revisions\/12662"}],"wp:attachment":[{"href":"https:\/\/www.mimolimousine.com\/fr\/wp-json\/wp\/v2\/media?parent=1382"}],"curies":[{"name":"wp","href":"https:\/\/api.w.org\/{rel}","templated":true}]}}