{"id":20137,"date":"2022-08-08T18:29:56","date_gmt":"2022-08-08T22:29:56","guid":{"rendered":"https:\/\/www.mimolimousine.com\/?page_id=20137"},"modified":"2025-02-04T10:28:33","modified_gmt":"2025-02-04T15:28:33","slug":"tour-de-ville","status":"publish","type":"page","link":"https:\/\/www.mimolimousine.com\/fr\/services\/tour-de-ville\/","title":{"rendered":"&#8211; Tours De Ville"},"content":{"rendered":"\t\t<div data-elementor-type=\"wp-page\" data-elementor-id=\"20137\" class=\"elementor elementor-20137 elementor-1281\">\n\t\t\t\t\t\t<section class=\"elementor-section elementor-top-section elementor-element elementor-element-2ff56b17 elementor-section-height-min-height elementor-section-content-middle elementor-section-boxed elementor-section-height-default elementor-section-items-middle\" data-id=\"2ff56b17\" data-element_type=\"section\" data-settings=\"{&quot;jet_parallax_layout_list&quot;:[],&quot;background_background&quot;:&quot;classic&quot;}\">\n\t\t\t\t\t\t<div class=\"elementor-container elementor-column-gap-default\">\n\t\t\t\t\t<div class=\"elementor-column elementor-col-100 elementor-top-column elementor-element elementor-element-7ec9a113\" data-id=\"7ec9a113\" data-element_type=\"column\" data-settings=\"{&quot;background_background&quot;:&quot;classic&quot;}\">\n\t\t\t<div class=\"elementor-widget-wrap elementor-element-populated\">\n\t\t\t\t\t\t<div class=\"elementor-element elementor-element-21e00e40 elementor-invisible elementor-widget elementor-widget-heading\" data-id=\"21e00e40\" data-element_type=\"widget\" data-settings=\"{&quot;_animation&quot;:&quot;fadeIn&quot;,&quot;_animation_delay&quot;:250}\" data-widget_type=\"heading.default\">\n\t\t\t\t<div class=\"elementor-widget-container\">\n\t\t\t<style>\/*! elementor - v3.23.0 - 05-08-2024 *\/\n.elementor-heading-title{padding:0;margin:0;line-height:1}.elementor-widget-heading .elementor-heading-title[class*=elementor-size-]>a{color:inherit;font-size:inherit;line-height:inherit}.elementor-widget-heading .elementor-heading-title.elementor-size-small{font-size:15px}.elementor-widget-heading .elementor-heading-title.elementor-size-medium{font-size:19px}.elementor-widget-heading .elementor-heading-title.elementor-size-large{font-size:29px}.elementor-widget-heading .elementor-heading-title.elementor-size-xl{font-size:39px}.elementor-widget-heading .elementor-heading-title.elementor-size-xxl{font-size:59px}<\/style><h2 class=\"elementor-heading-title elementor-size-default\">TOURS DE VILLE<\/h2>\t\t<\/div>\n\t\t\t\t<\/div>\n\t\t\t\t<div class=\"elementor-element elementor-element-8b54a48 elementor-align-center elementor-widget-mobile__width-inherit elementor-invisible elementor-widget elementor-widget-button\" data-id=\"8b54a48\" data-element_type=\"widget\" data-settings=\"{&quot;_animation&quot;:&quot;fadeInUp&quot;,&quot;_animation_delay&quot;:750}\" data-widget_type=\"button.default\">\n\t\t\t\t<div class=\"elementor-widget-container\">\n\t\t\t\t\t<div class=\"elementor-button-wrapper\">\n\t\t\t<a class=\"elementor-button elementor-button-link elementor-size-sm\" href=\"#Contact\">\n\t\t\t\t\t\t<span class=\"elementor-button-content-wrapper\">\n\t\t\t\t\t\t\t\t\t<span class=\"elementor-button-text\">R\u00c9SERVER MAINTENANT! <\/span>\n\t\t\t\t\t<\/span>\n\t\t\t\t\t<\/a>\n\t\t<\/div>\n\t\t\t\t<\/div>\n\t\t\t\t<\/div>\n\t\t\t\t\t<\/div>\n\t\t<\/div>\n\t\t\t\t\t<\/div>\n\t\t<\/section>\n\t\t\t\t<section class=\"elementor-section elementor-top-section elementor-element elementor-element-b68021b elementor-section-boxed elementor-section-height-default elementor-section-height-default\" data-id=\"b68021b\" data-element_type=\"section\" data-settings=\"{&quot;jet_parallax_layout_list&quot;:[],&quot;background_background&quot;:&quot;classic&quot;}\">\n\t\t\t\t\t\t<div class=\"elementor-container elementor-column-gap-default\">\n\t\t\t\t\t<div class=\"elementor-column elementor-col-100 elementor-top-column elementor-element elementor-element-34157e3d\" data-id=\"34157e3d\" data-element_type=\"column\">\n\t\t\t<div class=\"elementor-widget-wrap elementor-element-populated\">\n\t\t\t\t\t\t<div class=\"elementor-element elementor-element-741a8553 elementor-invisible elementor-widget elementor-widget-heading\" data-id=\"741a8553\" data-element_type=\"widget\" data-settings=\"{&quot;_animation&quot;:&quot;fadeInUp&quot;}\" data-widget_type=\"heading.default\">\n\t\t\t\t<div class=\"elementor-widget-container\">\n\t\t\t<h2 class=\"elementor-heading-title elementor-size-default\">Explorez Montr\u00e9al avec \u00e9l\u00e9gance gr\u00e2ce aux luxueux tours de ville de Mimo Limousine<\/h2>\t\t<\/div>\n\t\t\t\t<\/div>\n\t\t\t\t<div class=\"elementor-element elementor-element-3c279d2e elementor-invisible elementor-widget elementor-widget-text-editor\" data-id=\"3c279d2e\" data-element_type=\"widget\" data-settings=\"{&quot;_animation&quot;:&quot;fadeInUp&quot;,&quot;_animation_delay&quot;:250}\" data-widget_type=\"text-editor.default\">\n\t\t\t\t<div class=\"elementor-widget-container\">\n\t\t\t<style>\/*! elementor - v3.23.0 - 05-08-2024 *\/\n.elementor-widget-text-editor.elementor-drop-cap-view-stacked .elementor-drop-cap{background-color:#69727d;color:#fff}.elementor-widget-text-editor.elementor-drop-cap-view-framed .elementor-drop-cap{color:#69727d;border:3px solid;background-color:transparent}.elementor-widget-text-editor:not(.elementor-drop-cap-view-default) .elementor-drop-cap{margin-top:8px}.elementor-widget-text-editor:not(.elementor-drop-cap-view-default) .elementor-drop-cap-letter{width:1em;height:1em}.elementor-widget-text-editor .elementor-drop-cap{float:left;text-align:center;line-height:1;font-size:50px}.elementor-widget-text-editor .elementor-drop-cap-letter{display:inline-block}<\/style>\t\t\t\t<h4>Le luxe au service de l\u2019exploration<\/h4>\t\t\t\t\t\t<\/div>\n\t\t\t\t<\/div>\n\t\t\t\t<div class=\"elementor-element elementor-element-c245237 elementor-invisible elementor-widget elementor-widget-text-editor\" data-id=\"c245237\" data-element_type=\"widget\" data-settings=\"{&quot;_animation&quot;:&quot;fadeInUp&quot;,&quot;_animation_delay&quot;:250}\" data-widget_type=\"text-editor.default\">\n\t\t\t\t<div class=\"elementor-widget-container\">\n\t\t\t\t\t\t\t<p>Montr\u00e9al est une ville unique en son genre\u2014riche en histoire, d\u00e9bordante de culture et anim\u00e9e par des quartiers vibrants qui ne demandent qu\u2019\u00e0 \u00eatre explor\u00e9s. Pourquoi ne pas d\u00e9couvrir ses merveilles avec Mimo Limousine? Nous vous offrons une exp\u00e9rience de tour de ville v\u00e9ritablement unique, alliant confort, luxe et expertise locale pour cr\u00e9er des souvenirs inoubliables.<\/p><p>Montez \u00e0 bord de l\u2019un de nos v\u00e9hicules neufs et impeccablement entretenus, et partez \u00e0 la d\u00e9couverte des sites embl\u00e9matiques et des tr\u00e9sors cach\u00e9s de Montr\u00e9al. Avec Mimo Limousine, votre tour de ville ne se r\u00e9sume pas \u00e0 une simple visite touristique\u2014c\u2019est une immersion dans la ville avec un confort et un raffinement in\u00e9gal\u00e9s.<\/p>\t\t\t\t\t\t<\/div>\n\t\t\t\t<\/div>\n\t\t\t\t\t<\/div>\n\t\t<\/div>\n\t\t\t\t\t<\/div>\n\t\t<\/section>\n\t\t\t\t<section class=\"elementor-section elementor-top-section elementor-element elementor-element-3867ab99 elementor-section-boxed elementor-section-height-default elementor-section-height-default\" data-id=\"3867ab99\" data-element_type=\"section\" data-settings=\"{&quot;jet_parallax_layout_list&quot;:[],&quot;background_background&quot;:&quot;classic&quot;}\">\n\t\t\t\t\t\t<div class=\"elementor-container elementor-column-gap-default\">\n\t\t\t\t\t<div class=\"elementor-column elementor-col-50 elementor-top-column elementor-element elementor-element-38d3c5f\" data-id=\"38d3c5f\" data-element_type=\"column\">\n\t\t\t<div class=\"elementor-widget-wrap\">\n\t\t\t\t\t\t\t<\/div>\n\t\t<\/div>\n\t\t\t\t<div class=\"elementor-column elementor-col-50 elementor-top-column elementor-element elementor-element-6aa637bc\" data-id=\"6aa637bc\" data-element_type=\"column\">\n\t\t\t<div class=\"elementor-widget-wrap elementor-element-populated\">\n\t\t\t\t\t\t<div class=\"elementor-element elementor-element-65e546f2 elementor-invisible elementor-widget elementor-widget-heading\" data-id=\"65e546f2\" data-element_type=\"widget\" data-settings=\"{&quot;_animation&quot;:&quot;fadeInRight&quot;}\" data-widget_type=\"heading.default\">\n\t\t\t\t<div class=\"elementor-widget-container\">\n\t\t\t<h2 class=\"elementor-heading-title elementor-size-default\">Des tours sur mesure selon vos int\u00e9r\u00eats<\/h2>\t\t<\/div>\n\t\t\t\t<\/div>\n\t\t\t\t<div class=\"elementor-element elementor-element-578b9390 elementor-invisible elementor-widget elementor-widget-text-editor\" data-id=\"578b9390\" data-element_type=\"widget\" data-settings=\"{&quot;_animation&quot;:&quot;fadeInRight&quot;,&quot;_animation_delay&quot;:250}\" data-widget_type=\"text-editor.default\">\n\t\t\t\t<div class=\"elementor-widget-container\">\n\t\t\t\t\t\t\t<p>Que vous soyez passionn\u00e9 d\u2019histoire, amateur d\u2019art ou simplement curieux du charme de Montr\u00e9al, nous avons le tour parfait pour vous :<\/p><p><strong>Forfaits pr\u00e9\u00e9tablis<\/strong> : Explorez les attractions incontournables comme le Vieux-Montr\u00e9al, le mont Royal, le Mus\u00e9e des beaux-arts de Montr\u00e9al et bien plus encore.<\/p><p><br \/><strong>Tours personnalisables<\/strong> : Vous avez des endroits sp\u00e9cifiques en t\u00eate? Partagez votre liste de souhaits, et nous concevrons un itin\u00e9raire sur mesure rien que pour vous.<\/p>\t\t\t\t\t\t<\/div>\n\t\t\t\t<\/div>\n\t\t\t\t<div class=\"elementor-element elementor-element-1db31c0 elementor-invisible elementor-widget elementor-widget-heading\" data-id=\"1db31c0\" data-element_type=\"widget\" data-settings=\"{&quot;_animation&quot;:&quot;fadeInRight&quot;}\" data-widget_type=\"heading.default\">\n\t\t\t\t<div class=\"elementor-widget-container\">\n\t\t\t<h2 class=\"elementor-heading-title elementor-size-default\">Des chauffeurs exp\u00e9riment\u00e9s pour enrichir votre exp\u00e9rience\n<\/h2>\t\t<\/div>\n\t\t\t\t<\/div>\n\t\t\t\t<div class=\"elementor-element elementor-element-580174b8 elementor-invisible elementor-widget elementor-widget-text-editor\" data-id=\"580174b8\" data-element_type=\"widget\" data-settings=\"{&quot;_animation&quot;:&quot;fadeInRight&quot;,&quot;_animation_delay&quot;:250}\" data-widget_type=\"text-editor.default\">\n\t\t\t\t<div class=\"elementor-widget-container\">\n\t\t\t\t\t\t\t<p>Nos chauffeurs exp\u00e9riment\u00e9s et attentionn\u00e9s donnent vie aux histoires de Montr\u00e9al, vous faisant d\u00e9couvrir ses monuments embl\u00e9matiques ainsi que ses secrets les mieux gard\u00e9s. Vous plongerez au c\u0153ur de son histoire, de sa culture et de son caract\u00e8re unique.<\/p>\t\t\t\t\t\t<\/div>\n\t\t\t\t<\/div>\n\t\t\t\t<div class=\"elementor-element elementor-element-30b9c95b elementor-invisible elementor-widget elementor-widget-heading\" data-id=\"30b9c95b\" data-element_type=\"widget\" data-settings=\"{&quot;_animation&quot;:&quot;fadeInRight&quot;}\" data-widget_type=\"heading.default\">\n\t\t\t\t<div class=\"elementor-widget-container\">\n\t\t\t<h2 class=\"elementor-heading-title elementor-size-default\">Id\u00e9al pour toutes les occasions<\/h2>\t\t<\/div>\n\t\t\t\t<\/div>\n\t\t\t\t<div class=\"elementor-element elementor-element-62131e70 elementor-invisible elementor-widget elementor-widget-text-editor\" data-id=\"62131e70\" data-element_type=\"widget\" data-settings=\"{&quot;_animation&quot;:&quot;fadeInRight&quot;,&quot;_animation_delay&quot;:250}\" data-widget_type=\"text-editor.default\">\n\t\t\t\t<div class=\"elementor-widget-container\">\n\t\t\t\t\t\t\t<p>Que vous soyez en visite en famille, souhaitiez impressionner des clients ou planifiez une escapade romantique, nos tours de ville r\u00e9pondent \u00e0 tous vos besoins. Des excursions priv\u00e9es aux aventures en groupe, nous vous garantissons une exp\u00e9rience taill\u00e9e sur mesure.<\/p>\t\t\t\t\t\t<\/div>\n\t\t\t\t<\/div>\n\t\t\t\t<div class=\"elementor-element elementor-element-563165d elementor-invisible elementor-widget elementor-widget-heading\" data-id=\"563165d\" data-element_type=\"widget\" data-settings=\"{&quot;_animation&quot;:&quot;fadeInRight&quot;}\" data-widget_type=\"heading.default\">\n\t\t\t\t<div class=\"elementor-widget-container\">\n\t\t\t<h2 class=\"elementor-heading-title elementor-size-default\">Pourquoi choisir Mimo Limousine?<\/h2>\t\t<\/div>\n\t\t\t\t<\/div>\n\t\t\t\t<div class=\"elementor-element elementor-element-ef70a2b elementor-invisible elementor-widget elementor-widget-text-editor\" data-id=\"ef70a2b\" data-element_type=\"widget\" data-settings=\"{&quot;_animation&quot;:&quot;fadeInRight&quot;,&quot;_animation_delay&quot;:250}\" data-widget_type=\"text-editor.default\">\n\t\t\t\t<div class=\"elementor-widget-container\">\n\t\t\t\t\t\t\t<ul><li>\u00a0V\u00e9hicules luxueux pour un confort ultime<\/li><li>Chauffeurs professionnels et courtois<\/li><li>Itin\u00e9raires personnalisables selon vos pr\u00e9f\u00e9rences<\/li><li>Une exp\u00e9rience fluide et sans stress<\/li><\/ul>\t\t\t\t\t\t<\/div>\n\t\t\t\t<\/div>\n\t\t\t\t<div class=\"elementor-element elementor-element-f003421 elementor-invisible elementor-widget elementor-widget-heading\" data-id=\"f003421\" data-element_type=\"widget\" data-settings=\"{&quot;_animation&quot;:&quot;fadeInRight&quot;}\" data-widget_type=\"heading.default\">\n\t\t\t\t<div class=\"elementor-widget-container\">\n\t\t\t<h2 class=\"elementor-heading-title elementor-size-default\">Un service \u00e9tendu pour mieux vous servir<\/h2>\t\t<\/div>\n\t\t\t\t<\/div>\n\t\t\t\t<div class=\"elementor-element elementor-element-c7e4e39 elementor-invisible elementor-widget elementor-widget-text-editor\" data-id=\"c7e4e39\" data-element_type=\"widget\" data-settings=\"{&quot;_animation&quot;:&quot;fadeInRight&quot;,&quot;_animation_delay&quot;:250}\" data-widget_type=\"text-editor.default\">\n\t\t\t\t<div class=\"elementor-widget-container\">\n\t\t\t\t\t\t\t<p>Nous sommes fiers d\u2019\u00eatre le <strong>service de voiture corporatif #1 \u00e0 Montr\u00e9al<\/strong>, desservant :<\/p><ul><li><strong>Montr\u00e9al<\/strong><\/li><li><strong>Laval<\/strong><\/li><li><strong>L\u2019Ouest-de-l\u2019\u00cele<\/strong><\/li><li><strong>Rive-Nord &amp; Rive-Sud<\/strong><\/li><li><strong>Qu\u00e9bec<\/strong><\/li><li><strong>Trois-Rivi\u00e8res<\/strong><\/li><li><strong>Bromont &amp; Sutton<\/strong><\/li><li><strong>Magog &amp; Sherbrooke<\/strong><\/li><li><strong>Sorel<\/strong><\/li><li><strong>Mont-Tremblant<\/strong><\/li><li><strong>Montebello<\/strong><\/li><li><strong>Gatineau<\/strong><\/li><li><strong>Ottawa<\/strong><\/li><li><strong>Cornwall<\/strong><\/li><li><strong>Kingston<\/strong><\/li><li><strong>Plattsburgh<\/strong><\/li><li><strong>Burlington<\/strong><\/li><li><strong>Et les environs\u2026<\/strong><\/li><\/ul><p>\u00a0<\/p><p><strong>R\u00e9servez d\u00e8s maintenant votre tour de ville luxueux avec Mimo Limousine!<\/strong><\/p>\t\t\t\t\t\t<\/div>\n\t\t\t\t<\/div>\n\t\t\t\t\t<\/div>\n\t\t<\/div>\n\t\t\t\t\t<\/div>\n\t\t<\/section>\n\t\t\t\t<section class=\"elementor-section elementor-top-section elementor-element elementor-element-75f29853 elementor-section-height-min-height elementor-section-items-stretch elementor-hidden-desktop elementor-hidden-laptop elementor-hidden-tablet elementor-hidden-mobile elementor-section-boxed elementor-section-height-default\" data-id=\"75f29853\" data-element_type=\"section\" data-settings=\"{&quot;jet_parallax_layout_list&quot;:[],&quot;background_background&quot;:&quot;classic&quot;}\">\n\t\t\t\t\t\t<div class=\"elementor-container elementor-column-gap-default\">\n\t\t\t\t\t<div class=\"elementor-column elementor-col-50 elementor-top-column elementor-element elementor-element-3dcd662f\" data-id=\"3dcd662f\" data-element_type=\"column\">\n\t\t\t<div class=\"elementor-widget-wrap elementor-element-populated\">\n\t\t\t\t\t\t<div class=\"elementor-element elementor-element-611dd2e9 elementor-invisible elementor-widget elementor-widget-heading\" data-id=\"611dd2e9\" data-element_type=\"widget\" data-settings=\"{&quot;_animation&quot;:&quot;fadeInLeft&quot;}\" data-widget_type=\"heading.default\">\n\t\t\t\t<div class=\"elementor-widget-container\">\n\t\t\t<h3 class=\"elementor-heading-title elementor-size-default\">Price for a limousine at <\/h3>\t\t<\/div>\n\t\t\t\t<\/div>\n\t\t\t\t<div class=\"elementor-element elementor-element-30ffcac9 elementor-invisible elementor-widget elementor-widget-heading\" data-id=\"30ffcac9\" data-element_type=\"widget\" data-settings=\"{&quot;_animation&quot;:&quot;fadeInLeft&quot;}\" data-widget_type=\"heading.default\">\n\t\t\t\t<div class=\"elementor-widget-container\">\n\t\t\t<h3 class=\"elementor-heading-title elementor-size-default\">The Montreal airport <\/h3>\t\t<\/div>\n\t\t\t\t<\/div>\n\t\t\t\t\t<\/div>\n\t\t<\/div>\n\t\t\t\t<div class=\"elementor-column elementor-col-50 elementor-top-column elementor-element elementor-element-3599f0c6\" data-id=\"3599f0c6\" data-element_type=\"column\">\n\t\t\t<div class=\"elementor-widget-wrap elementor-element-populated\">\n\t\t\t\t\t\t<div class=\"elementor-element elementor-element-529b543e elementor-invisible elementor-widget elementor-widget-text-editor\" data-id=\"529b543e\" data-element_type=\"widget\" data-settings=\"{&quot;_animation&quot;:&quot;fadeInUp&quot;,&quot;_animation_delay&quot;:250}\" data-widget_type=\"text-editor.default\">\n\t\t\t\t<div class=\"elementor-widget-container\">\n\t\t\t\t\t\t\t<p>Our prices depend on the type of vehicle, the distance traveled and the time required. Please contact us for a quote.<\/p><p>To give you an idea, transportation from the Montreal airport to downtown is between $85 and $135 (Sedan \/ SUV). <\/p>\t\t\t\t\t\t<\/div>\n\t\t\t\t<\/div>\n\t\t\t\t\t<\/div>\n\t\t<\/div>\n\t\t\t\t\t<\/div>\n\t\t<\/section>\n\t\t\t\t<section class=\"elementor-section elementor-top-section elementor-element elementor-element-edb675b elementor-section-boxed elementor-section-height-default elementor-section-height-default\" data-id=\"edb675b\" data-element_type=\"section\" data-settings=\"{&quot;jet_parallax_layout_list&quot;:[]}\">\n\t\t\t\t\t\t<div class=\"elementor-container elementor-column-gap-default\">\n\t\t\t\t\t<div class=\"elementor-column elementor-col-100 elementor-top-column elementor-element elementor-element-d9e8e48\" data-id=\"d9e8e48\" data-element_type=\"column\">\n\t\t\t<div class=\"elementor-widget-wrap elementor-element-populated\">\n\t\t\t\t\t\t<div class=\"elementor-element elementor-element-5e04f62 elementor-align-center elementor-widget-mobile__width-inherit elementor-invisible elementor-widget elementor-widget-button\" data-id=\"5e04f62\" data-element_type=\"widget\" data-settings=\"{&quot;_animation&quot;:&quot;fadeInUp&quot;,&quot;_animation_delay&quot;:750}\" data-widget_type=\"button.default\">\n\t\t\t\t<div class=\"elementor-widget-container\">\n\t\t\t\t\t<div class=\"elementor-button-wrapper\">\n\t\t\t<a class=\"elementor-button elementor-button-link elementor-size-sm\" href=\"#Contact\">\n\t\t\t\t\t\t<span class=\"elementor-button-content-wrapper\">\n\t\t\t\t\t\t\t\t\t<span class=\"elementor-button-text\">R\u00c9SERVER MAINTENANT! <\/span>\n\t\t\t\t\t<\/span>\n\t\t\t\t\t<\/a>\n\t\t<\/div>\n\t\t\t\t<\/div>\n\t\t\t\t<\/div>\n\t\t\t\t\t<\/div>\n\t\t<\/div>\n\t\t\t\t\t<\/div>\n\t\t<\/section>\n\t\t\t\t<\/div>\n\t\t","protected":false},"excerpt":{"rendered":"<p>TOURS DE VILLE R\u00c9SERVER MAINTENANT! Explorez Montr\u00e9al avec \u00e9l\u00e9gance gr\u00e2ce aux luxueux tours de ville de Mimo Limousine Le luxe au service de l\u2019exploration Montr\u00e9al est une ville unique en son genre\u2014riche en histoire, d\u00e9bordante de culture et anim\u00e9e par des quartiers vibrants qui ne demandent qu\u2019\u00e0 \u00eatre explor\u00e9s. Pourquoi ne pas d\u00e9couvrir ses merveilles [&hellip;]<\/p>\n","protected":false},"author":2,"featured_media":0,"parent":521,"menu_order":0,"comment_status":"closed","ping_status":"closed","template":"","meta":{"_seopress_robots_primary_cat":"","_seopress_titles_title":"","_seopress_titles_desc":"","_seopress_robots_index":"","footnotes":""},"class_list":["post-20137","page","type-page","status-publish","hentry"],"acf":[],"_links":{"self":[{"href":"https:\/\/www.mimolimousine.com\/fr\/wp-json\/wp\/v2\/pages\/20137","targetHints":{"allow":["GET"]}}],"collection":[{"href":"https:\/\/www.mimolimousine.com\/fr\/wp-json\/wp\/v2\/pages"}],"about":[{"href":"https:\/\/www.mimolimousine.com\/fr\/wp-json\/wp\/v2\/types\/page"}],"author":[{"embeddable":true,"href":"https:\/\/www.mimolimousine.com\/fr\/wp-json\/wp\/v2\/users\/2"}],"replies":[{"embeddable":true,"href":"https:\/\/www.mimolimousine.com\/fr\/wp-json\/wp\/v2\/comments?post=20137"}],"version-history":[{"count":5,"href":"https:\/\/www.mimolimousine.com\/fr\/wp-json\/wp\/v2\/pages\/20137\/revisions"}],"predecessor-version":[{"id":20171,"href":"https:\/\/www.mimolimousine.com\/fr\/wp-json\/wp\/v2\/pages\/20137\/revisions\/20171"}],"up":[{"embeddable":true,"href":"https:\/\/www.mimolimousine.com\/fr\/wp-json\/wp\/v2\/pages\/521"}],"wp:attachment":[{"href":"https:\/\/www.mimolimousine.com\/fr\/wp-json\/wp\/v2\/media?parent=20137"}],"curies":[{"name":"wp","href":"https:\/\/api.w.org\/{rel}","templated":true}]}}