{"id":20148,"date":"2024-12-23T08:53:16","date_gmt":"2024-12-23T13:53:16","guid":{"rendered":"https:\/\/www.mimolimousine.com\/?page_id=20148"},"modified":"2025-02-18T10:11:56","modified_gmt":"2025-02-18T15:11:56","slug":"evenements-speciaux","status":"publish","type":"page","link":"https:\/\/www.mimolimousine.com\/fr\/evenements-speciaux\/","title":{"rendered":"\u00c9V\u00c8NEMENTS SP\u00c9CIAUX"},"content":{"rendered":"\t\t<div data-elementor-type=\"wp-page\" data-elementor-id=\"20148\" class=\"elementor elementor-20148 elementor-18550\">\n\t\t\t\t\t\t<section class=\"elementor-section elementor-top-section elementor-element elementor-element-371b88e1 elementor-section-height-min-height elementor-section-content-middle elementor-section-boxed elementor-section-height-default elementor-section-items-middle\" data-id=\"371b88e1\" data-element_type=\"section\" data-settings=\"{&quot;jet_parallax_layout_list&quot;:[],&quot;background_background&quot;:&quot;classic&quot;}\">\n\t\t\t\t\t\t<div class=\"elementor-container elementor-column-gap-default\">\n\t\t\t\t\t<div class=\"elementor-column elementor-col-100 elementor-top-column elementor-element elementor-element-dd8dd7c\" data-id=\"dd8dd7c\" data-element_type=\"column\" data-settings=\"{&quot;background_background&quot;:&quot;classic&quot;}\">\n\t\t\t<div class=\"elementor-widget-wrap elementor-element-populated\">\n\t\t\t\t\t\t<div class=\"elementor-element elementor-element-48b0cb07 elementor-invisible elementor-widget elementor-widget-heading\" data-id=\"48b0cb07\" data-element_type=\"widget\" data-settings=\"{&quot;_animation&quot;:&quot;fadeIn&quot;,&quot;_animation_delay&quot;:250}\" data-widget_type=\"heading.default\">\n\t\t\t\t<div class=\"elementor-widget-container\">\n\t\t\t<style>\/*! elementor - v3.23.0 - 05-08-2024 *\/\n.elementor-heading-title{padding:0;margin:0;line-height:1}.elementor-widget-heading .elementor-heading-title[class*=elementor-size-]>a{color:inherit;font-size:inherit;line-height:inherit}.elementor-widget-heading .elementor-heading-title.elementor-size-small{font-size:15px}.elementor-widget-heading .elementor-heading-title.elementor-size-medium{font-size:19px}.elementor-widget-heading .elementor-heading-title.elementor-size-large{font-size:29px}.elementor-widget-heading .elementor-heading-title.elementor-size-xl{font-size:39px}.elementor-widget-heading .elementor-heading-title.elementor-size-xxl{font-size:59px}<\/style><h1 class=\"elementor-heading-title elementor-size-default\">Transport pour \u00e9v\u00e9nements sp\u00e9ciaux<\/h1>\t\t<\/div>\n\t\t\t\t<\/div>\n\t\t\t\t<div class=\"elementor-element elementor-element-9702f21 elementor-align-center elementor-widget-mobile__width-inherit elementor-invisible elementor-widget elementor-widget-button\" data-id=\"9702f21\" data-element_type=\"widget\" data-settings=\"{&quot;_animation&quot;:&quot;fadeInUp&quot;,&quot;_animation_delay&quot;:750}\" data-widget_type=\"button.default\">\n\t\t\t\t<div class=\"elementor-widget-container\">\n\t\t\t\t\t<div class=\"elementor-button-wrapper\">\n\t\t\t<a class=\"elementor-button elementor-button-link elementor-size-sm\" href=\"#Contact\">\n\t\t\t\t\t\t<span class=\"elementor-button-content-wrapper\">\n\t\t\t\t\t\t\t\t\t<span class=\"elementor-button-text\">R\u00c9SERVER MAINTENANT! <\/span>\n\t\t\t\t\t<\/span>\n\t\t\t\t\t<\/a>\n\t\t<\/div>\n\t\t\t\t<\/div>\n\t\t\t\t<\/div>\n\t\t\t\t\t<\/div>\n\t\t<\/div>\n\t\t\t\t\t<\/div>\n\t\t<\/section>\n\t\t\t\t<section class=\"elementor-section elementor-top-section elementor-element elementor-element-3d84555c elementor-section-boxed elementor-section-height-default elementor-section-height-default\" data-id=\"3d84555c\" data-element_type=\"section\" data-settings=\"{&quot;jet_parallax_layout_list&quot;:[],&quot;background_background&quot;:&quot;classic&quot;}\">\n\t\t\t\t\t\t<div class=\"elementor-container elementor-column-gap-default\">\n\t\t\t\t\t<div class=\"elementor-column elementor-col-100 elementor-top-column elementor-element elementor-element-77d10b8c\" data-id=\"77d10b8c\" data-element_type=\"column\">\n\t\t\t<div class=\"elementor-widget-wrap elementor-element-populated\">\n\t\t\t\t\t\t<div class=\"elementor-element elementor-element-6b1c72c4 elementor-invisible elementor-widget elementor-widget-heading\" data-id=\"6b1c72c4\" data-element_type=\"widget\" data-settings=\"{&quot;_animation&quot;:&quot;fadeInUp&quot;}\" data-widget_type=\"heading.default\">\n\t\t\t\t<div class=\"elementor-widget-container\">\n\t\t\t<h2 class=\"elementor-heading-title elementor-size-default\">Transport pour \u00e9v\u00e9nements sp\u00e9ciaux \u00e0 Montr\u00e9al\n<\/h2>\t\t<\/div>\n\t\t\t\t<\/div>\n\t\t\t\t<div class=\"elementor-element elementor-element-385a6c06 elementor-widget elementor-widget-heading\" data-id=\"385a6c06\" data-element_type=\"widget\" data-widget_type=\"heading.default\">\n\t\t\t\t<div class=\"elementor-widget-container\">\n\t\t\t<h3 class=\"elementor-heading-title elementor-size-default\">Vivez le luxe, la fiabilit\u00e9 et l\u2019\u00e9l\u00e9gance pour chaque occasion<\/h3>\t\t<\/div>\n\t\t\t\t<\/div>\n\t\t\t\t<div class=\"elementor-element elementor-element-13b4ec7 elementor-invisible elementor-widget elementor-widget-text-editor\" data-id=\"13b4ec7\" data-element_type=\"widget\" data-settings=\"{&quot;_animation&quot;:&quot;fadeInUp&quot;,&quot;_animation_delay&quot;:250}\" data-widget_type=\"text-editor.default\">\n\t\t\t\t<div class=\"elementor-widget-container\">\n\t\t\t<style>\/*! elementor - v3.23.0 - 05-08-2024 *\/\n.elementor-widget-text-editor.elementor-drop-cap-view-stacked .elementor-drop-cap{background-color:#69727d;color:#fff}.elementor-widget-text-editor.elementor-drop-cap-view-framed .elementor-drop-cap{color:#69727d;border:3px solid;background-color:transparent}.elementor-widget-text-editor:not(.elementor-drop-cap-view-default) .elementor-drop-cap{margin-top:8px}.elementor-widget-text-editor:not(.elementor-drop-cap-view-default) .elementor-drop-cap-letter{width:1em;height:1em}.elementor-widget-text-editor .elementor-drop-cap{float:left;text-align:center;line-height:1;font-size:50px}.elementor-widget-text-editor .elementor-drop-cap-letter{display:inline-block}<\/style>\t\t\t\t<p>Que vous organisiez un gala corporatif prestigieux, un anniversaire romantique ou une soir\u00e9e \u00e9lectrisante \u00e0 un concert ou un \u00e9v\u00e9nement sportif, <strong>Mimo Limousine<\/strong> vous offre un service de transport pour \u00e9v\u00e9nements sp\u00e9ciaux in\u00e9gal\u00e9 \u00e0 Montr\u00e9al. Avec plus de <strong>28 ans d\u2019expertise<\/strong>, notre entreprise familiale garantit un service exceptionnel, une flotte luxueuse et des chauffeurs professionnels pour rendre votre \u00e9v\u00e9nement inoubliable.n<\/p>\t\t\t\t\t\t<\/div>\n\t\t\t\t<\/div>\n\t\t\t\t\t<\/div>\n\t\t<\/div>\n\t\t\t\t\t<\/div>\n\t\t<\/section>\n\t\t\t\t<section class=\"elementor-section elementor-top-section elementor-element elementor-element-49b11778 elementor-section-boxed elementor-section-height-default elementor-section-height-default\" data-id=\"49b11778\" data-element_type=\"section\" data-settings=\"{&quot;jet_parallax_layout_list&quot;:[],&quot;background_background&quot;:&quot;classic&quot;}\">\n\t\t\t\t\t\t<div class=\"elementor-container elementor-column-gap-default\">\n\t\t\t\t\t<div class=\"elementor-column elementor-col-50 elementor-top-column elementor-element elementor-element-6b2502d0\" data-id=\"6b2502d0\" data-element_type=\"column\">\n\t\t\t<div class=\"elementor-widget-wrap\">\n\t\t\t\t\t\t\t<\/div>\n\t\t<\/div>\n\t\t\t\t<div class=\"elementor-column elementor-col-50 elementor-top-column elementor-element elementor-element-489ad744\" data-id=\"489ad744\" data-element_type=\"column\">\n\t\t\t<div class=\"elementor-widget-wrap elementor-element-populated\">\n\t\t\t\t\t\t<div class=\"elementor-element elementor-element-454ce8a2 elementor-invisible elementor-widget elementor-widget-heading\" data-id=\"454ce8a2\" data-element_type=\"widget\" data-settings=\"{&quot;_animation&quot;:&quot;fadeInRight&quot;}\" data-widget_type=\"heading.default\">\n\t\t\t\t<div class=\"elementor-widget-container\">\n\t\t\t<h3 class=\"elementor-heading-title elementor-size-default\">Sublimez chaque occasion sp\u00e9ciale<\/h3>\t\t<\/div>\n\t\t\t\t<\/div>\n\t\t\t\t<div class=\"elementor-element elementor-element-1de17092 elementor-invisible elementor-widget elementor-widget-text-editor\" data-id=\"1de17092\" data-element_type=\"widget\" data-settings=\"{&quot;_animation&quot;:&quot;fadeInRight&quot;,&quot;_animation_delay&quot;:250}\" data-widget_type=\"text-editor.default\">\n\t\t\t\t<div class=\"elementor-widget-container\">\n\t\t\t\t\t\t\t<h4><strong>Galas et \u00e9v\u00e9nements corporatifs<\/strong><\/h4><p>Impressionnez vos invit\u00e9s et dirigeants gr\u00e2ce \u00e0 notre service de transport impeccable. Nous offrons un service fiable et ponctuel, adapt\u00e9 \u00e0 vos besoins corporatifs, qu\u2019il s\u2019agisse de conf\u00e9rences ou de r\u00e9unions d\u2019affaires de haut niveau.<\/p><h4><strong>Anniversaires et soir\u00e9es romantiques<\/strong><\/h4><p>C\u00e9l\u00e9brez votre amour avec style en profitant d\u2019un trajet luxueux vers votre restaurant pr\u00e9f\u00e9r\u00e9, le th\u00e9\u00e2tre ou une destination sp\u00e9ciale. Nos berlines haut de gamme, telles que la <strong>Genesis G80<\/strong> et la <strong>Volvo S90<\/strong>, assurent une exp\u00e9rience romantique et confortable.<\/p><h4><strong>Enterrements de vie de c\u00e9libataire<\/strong><\/h4><p>Faites tourner les t\u00eates et voyagez avec \u00e9l\u00e9gance lors de votre grande soir\u00e9e. Nos v\u00e9hicules spacieux comme le <strong>Cadillac Escalade<\/strong> et le <strong>Lincoln Navigator<\/strong> sont parfaits pour les groupes, offrant une atmosph\u00e8re festive et luxueuse sur roues.<\/p><h4><strong>Concerts et festivals<\/strong><\/h4><p>\u00c9vitez le stress du trafic et du stationnement gr\u00e2ce \u00e0 notre service de transport VIP vers les meilleurs \u00e9v\u00e9nements de Montr\u00e9al. Installez-vous confortablement, d\u00e9tendez-vous et profitez pleinement de votre soir\u00e9e en sachant que votre transport est assur\u00e9.<\/p><h4><strong>\u00c9v\u00e9nements sportifs<\/strong><\/h4><p>Encouragez votre \u00e9quipe favorite ou assistez \u00e0 un \u00e9v\u00e9nement sportif majeur sans tracas. Nos chauffeurs professionnels vous garantissent un service <strong>ponctuel et sans stress<\/strong> pour vous rendre au stade et en revenir en toute tranquillit\u00e9.<\/p>\t\t\t\t\t\t<\/div>\n\t\t\t\t<\/div>\n\t\t\t\t<div class=\"elementor-element elementor-element-7d776e9 elementor-invisible elementor-widget elementor-widget-heading\" data-id=\"7d776e9\" data-element_type=\"widget\" data-settings=\"{&quot;_animation&quot;:&quot;fadeInRight&quot;}\" data-widget_type=\"heading.default\">\n\t\t\t\t<div class=\"elementor-widget-container\">\n\t\t\t<h3 class=\"elementor-heading-title elementor-size-default\">Pourquoi choisir Mimo Limousine?<\/h3>\t\t<\/div>\n\t\t\t\t<\/div>\n\t\t\t\t<div class=\"elementor-element elementor-element-6a970a0f elementor-invisible elementor-widget elementor-widget-text-editor\" data-id=\"6a970a0f\" data-element_type=\"widget\" data-settings=\"{&quot;_animation&quot;:&quot;fadeInRight&quot;,&quot;_animation_delay&quot;:250}\" data-widget_type=\"text-editor.default\">\n\t\t\t\t<div class=\"elementor-widget-container\">\n\t\t\t\t\t\t\t<ul><li><strong>Plus de 28 ans d\u2019excellence<\/strong> \u2013 Notre entreprise familiale offre un transport de luxe fiable depuis pr\u00e8s de trois d\u00e9cennies.<\/li><li><strong>Service \u00e9tendu<\/strong> \u2013 Nous desservons <strong>Montr\u00e9al, Laval, la Rive-Nord et la Rive-Sud<\/strong>, ainsi que <strong>Qu\u00e9bec et les r\u00e9gions environnantes<\/strong>.<\/li><li><strong>Chauffeurs bilingues<\/strong> \u2013 Notre \u00e9quipe professionnelle parle couramment <strong>fran\u00e7ais et anglais<\/strong> pour r\u00e9pondre \u00e0 vos besoins.<\/li><li><strong>Flotte haut de gamme<\/strong> \u2013 Choisissez parmi des v\u00e9hicules modernes et luxueux comme le <strong>Cadillac Escalade, Lincoln Navigator, Genesis G80 et Volvo S90<\/strong> pour une exp\u00e9rience sur mesure.<\/li><li><strong>Assistance 24\/7<\/strong> \u2013 Notre garantie de ponctualit\u00e9 et notre disponibilit\u00e9 \u00e0 toute heure assurent un service sans faille.<\/li><\/ul>\t\t\t\t\t\t<\/div>\n\t\t\t\t<\/div>\n\t\t\t\t\t<\/div>\n\t\t<\/div>\n\t\t\t\t\t<\/div>\n\t\t<\/section>\n\t\t\t\t<section class=\"elementor-section elementor-top-section elementor-element elementor-element-5314277f elementor-section-boxed elementor-section-height-default elementor-section-height-default\" data-id=\"5314277f\" data-element_type=\"section\" data-settings=\"{&quot;jet_parallax_layout_list&quot;:[]}\">\n\t\t\t\t\t\t<div class=\"elementor-container elementor-column-gap-default\">\n\t\t\t\t\t<div class=\"elementor-column elementor-col-100 elementor-top-column elementor-element elementor-element-12adb445\" data-id=\"12adb445\" data-element_type=\"column\">\n\t\t\t<div class=\"elementor-widget-wrap elementor-element-populated\">\n\t\t\t\t\t\t<div class=\"elementor-element elementor-element-6d17b462 elementor-align-center elementor-mobile-align-justify elementor-widget-mobile__width-inherit elementor-invisible elementor-widget elementor-widget-button\" data-id=\"6d17b462\" data-element_type=\"widget\" data-settings=\"{&quot;_animation&quot;:&quot;fadeInUp&quot;,&quot;_animation_delay&quot;:250}\" data-widget_type=\"button.default\">\n\t\t\t\t<div class=\"elementor-widget-container\">\n\t\t\t\t\t<div class=\"elementor-button-wrapper\">\n\t\t\t<a class=\"elementor-button elementor-button-link elementor-size-sm\" href=\"\/contact\/\">\n\t\t\t\t\t\t<span class=\"elementor-button-content-wrapper\">\n\t\t\t\t\t\t\t\t\t<span class=\"elementor-button-text\">R\u00e9servez d\u00e8s maintenant votre transport pour \u00e9v\u00e9nements sp\u00e9ciaux!<\/span>\n\t\t\t\t\t<\/span>\n\t\t\t\t\t<\/a>\n\t\t<\/div>\n\t\t\t\t<\/div>\n\t\t\t\t<\/div>\n\t\t\t\t\t<\/div>\n\t\t<\/div>\n\t\t\t\t\t<\/div>\n\t\t<\/section>\n\t\t\t\t<\/div>\n\t\t","protected":false},"excerpt":{"rendered":"<p>Transport pour \u00e9v\u00e9nements sp\u00e9ciaux R\u00c9SERVER MAINTENANT! Transport pour \u00e9v\u00e9nements sp\u00e9ciaux \u00e0 Montr\u00e9al Vivez le luxe, la fiabilit\u00e9 et l\u2019\u00e9l\u00e9gance pour chaque occasion Que vous organisiez un gala corporatif prestigieux, un anniversaire romantique ou une soir\u00e9e \u00e9lectrisante \u00e0 un concert ou un \u00e9v\u00e9nement sportif, Mimo Limousine vous offre un service de transport pour \u00e9v\u00e9nements sp\u00e9ciaux in\u00e9gal\u00e9 [&hellip;]<\/p>\n","protected":false},"author":2,"featured_media":0,"parent":0,"menu_order":0,"comment_status":"closed","ping_status":"closed","template":"","meta":{"_seopress_robots_primary_cat":"","_seopress_titles_title":"","_seopress_titles_desc":"","_seopress_robots_index":"","footnotes":""},"class_list":["post-20148","page","type-page","status-publish","hentry"],"acf":[],"_links":{"self":[{"href":"https:\/\/www.mimolimousine.com\/fr\/wp-json\/wp\/v2\/pages\/20148","targetHints":{"allow":["GET"]}}],"collection":[{"href":"https:\/\/www.mimolimousine.com\/fr\/wp-json\/wp\/v2\/pages"}],"about":[{"href":"https:\/\/www.mimolimousine.com\/fr\/wp-json\/wp\/v2\/types\/page"}],"author":[{"embeddable":true,"href":"https:\/\/www.mimolimousine.com\/fr\/wp-json\/wp\/v2\/users\/2"}],"replies":[{"embeddable":true,"href":"https:\/\/www.mimolimousine.com\/fr\/wp-json\/wp\/v2\/comments?post=20148"}],"version-history":[{"count":7,"href":"https:\/\/www.mimolimousine.com\/fr\/wp-json\/wp\/v2\/pages\/20148\/revisions"}],"predecessor-version":[{"id":20564,"href":"https:\/\/www.mimolimousine.com\/fr\/wp-json\/wp\/v2\/pages\/20148\/revisions\/20564"}],"wp:attachment":[{"href":"https:\/\/www.mimolimousine.com\/fr\/wp-json\/wp\/v2\/media?parent=20148"}],"curies":[{"name":"wp","href":"https:\/\/api.w.org\/{rel}","templated":true}]}}