{"id":20159,"date":"2025-01-21T09:48:39","date_gmt":"2025-01-21T14:48:39","guid":{"rendered":"https:\/\/www.mimolimousine.com\/?page_id=20159"},"modified":"2025-02-18T10:10:28","modified_gmt":"2025-02-18T15:10:28","slug":"mondial","status":"publish","type":"page","link":"https:\/\/www.mimolimousine.com\/fr\/mondial\/","title":{"rendered":"&#8211; Mondial"},"content":{"rendered":"\t\t<div data-elementor-type=\"wp-page\" data-elementor-id=\"20159\" class=\"elementor elementor-20159 elementor-19819\">\n\t\t\t\t\t\t<section class=\"elementor-section elementor-top-section elementor-element elementor-element-45a964f elementor-section-height-min-height elementor-section-content-middle elementor-section-boxed elementor-section-height-default elementor-section-items-middle\" data-id=\"45a964f\" data-element_type=\"section\" data-settings=\"{&quot;jet_parallax_layout_list&quot;:[],&quot;background_background&quot;:&quot;classic&quot;}\">\n\t\t\t\t\t\t<div class=\"elementor-container elementor-column-gap-default\">\n\t\t\t\t\t<div class=\"elementor-column elementor-col-100 elementor-top-column elementor-element elementor-element-670c5508\" data-id=\"670c5508\" data-element_type=\"column\" data-settings=\"{&quot;background_background&quot;:&quot;classic&quot;}\">\n\t\t\t<div class=\"elementor-widget-wrap elementor-element-populated\">\n\t\t\t\t\t\t<div class=\"elementor-element elementor-element-1f3423e7 elementor-invisible elementor-widget elementor-widget-heading\" data-id=\"1f3423e7\" data-element_type=\"widget\" data-settings=\"{&quot;_animation&quot;:&quot;fadeIn&quot;,&quot;_animation_delay&quot;:250}\" data-widget_type=\"heading.default\">\n\t\t\t\t<div class=\"elementor-widget-container\">\n\t\t\t<style>\/*! elementor - v3.23.0 - 05-08-2024 *\/\n.elementor-heading-title{padding:0;margin:0;line-height:1}.elementor-widget-heading .elementor-heading-title[class*=elementor-size-]>a{color:inherit;font-size:inherit;line-height:inherit}.elementor-widget-heading .elementor-heading-title.elementor-size-small{font-size:15px}.elementor-widget-heading .elementor-heading-title.elementor-size-medium{font-size:19px}.elementor-widget-heading .elementor-heading-title.elementor-size-large{font-size:29px}.elementor-widget-heading .elementor-heading-title.elementor-size-xl{font-size:39px}.elementor-widget-heading .elementor-heading-title.elementor-size-xxl{font-size:59px}<\/style><h1 class=\"elementor-heading-title elementor-size-default\">TRANSPORT MONDIAL<\/h1>\t\t<\/div>\n\t\t\t\t<\/div>\n\t\t\t\t<div class=\"elementor-element elementor-element-345dfe0 elementor-invisible elementor-widget elementor-widget-text-editor\" data-id=\"345dfe0\" data-element_type=\"widget\" data-settings=\"{&quot;_animation&quot;:&quot;fadeInUp&quot;,&quot;_animation_delay&quot;:250}\" data-widget_type=\"text-editor.default\">\n\t\t\t\t<div class=\"elementor-widget-container\">\n\t\t\t<style>\/*! elementor - v3.23.0 - 05-08-2024 *\/\n.elementor-widget-text-editor.elementor-drop-cap-view-stacked .elementor-drop-cap{background-color:#69727d;color:#fff}.elementor-widget-text-editor.elementor-drop-cap-view-framed .elementor-drop-cap{color:#69727d;border:3px solid;background-color:transparent}.elementor-widget-text-editor:not(.elementor-drop-cap-view-default) .elementor-drop-cap{margin-top:8px}.elementor-widget-text-editor:not(.elementor-drop-cap-view-default) .elementor-drop-cap-letter{width:1em;height:1em}.elementor-widget-text-editor .elementor-drop-cap{float:left;text-align:center;line-height:1;font-size:50px}.elementor-widget-text-editor .elementor-drop-cap-letter{display:inline-block}<\/style>\t\t\t\t<p>Vivez le luxe du voyage international avec les services de <strong>transport global<\/strong> de Mimo Limousine. Gr\u00e2ce \u00e0 notre engagement envers l\u2019excellence et \u00e0 un r\u00e9seau mondial de partenaires de confiance, nous vous offrons un service de classe mondiale, o\u00f9 que vous alliez. Qu\u2019il s\u2019agisse de <strong>transferts point \u00e0 point<\/strong> ou de <strong>prises en charge fluides \u00e0 l\u2019a\u00e9roport<\/strong>, nous garantissons le m\u00eame <strong>professionnalisme et fiabilit\u00e9<\/strong> que vous attendez de notre \u00e9quipe bas\u00e9e \u00e0 Montr\u00e9al, dans les grandes villes du monde entier.<\/p>\t\t\t\t\t\t<\/div>\n\t\t\t\t<\/div>\n\t\t\t\t<div class=\"elementor-element elementor-element-a73e71a elementor-align-center elementor-widget-mobile__width-inherit elementor-invisible elementor-widget elementor-widget-button\" data-id=\"a73e71a\" data-element_type=\"widget\" data-settings=\"{&quot;_animation&quot;:&quot;fadeInUp&quot;,&quot;_animation_delay&quot;:750}\" data-widget_type=\"button.default\">\n\t\t\t\t<div class=\"elementor-widget-container\">\n\t\t\t\t\t<div class=\"elementor-button-wrapper\">\n\t\t\t<a class=\"elementor-button elementor-button-link elementor-size-sm\" href=\"#Contact\">\n\t\t\t\t\t\t<span class=\"elementor-button-content-wrapper\">\n\t\t\t\t\t\t\t\t\t<span class=\"elementor-button-text\">R\u00c9SERVER MAINTENANT! <\/span>\n\t\t\t\t\t<\/span>\n\t\t\t\t\t<\/a>\n\t\t<\/div>\n\t\t\t\t<\/div>\n\t\t\t\t<\/div>\n\t\t\t\t\t<\/div>\n\t\t<\/div>\n\t\t\t\t\t<\/div>\n\t\t<\/section>\n\t\t\t\t<section class=\"elementor-section elementor-top-section elementor-element elementor-element-61c26112 elementor-section-boxed elementor-section-height-default elementor-section-height-default\" data-id=\"61c26112\" data-element_type=\"section\" data-settings=\"{&quot;jet_parallax_layout_list&quot;:[],&quot;background_background&quot;:&quot;classic&quot;}\">\n\t\t\t\t\t\t<div class=\"elementor-container elementor-column-gap-default\">\n\t\t\t\t\t<div class=\"elementor-column elementor-col-100 elementor-top-column elementor-element elementor-element-57471f26\" data-id=\"57471f26\" data-element_type=\"column\">\n\t\t\t<div class=\"elementor-widget-wrap elementor-element-populated\">\n\t\t\t\t\t\t<div class=\"elementor-element elementor-element-67670cdf elementor-invisible elementor-widget elementor-widget-heading\" data-id=\"67670cdf\" data-element_type=\"widget\" data-settings=\"{&quot;_animation&quot;:&quot;fadeInUp&quot;}\" data-widget_type=\"heading.default\">\n\t\t\t\t<div class=\"elementor-widget-container\">\n\t\t\t<h2 class=\"elementor-heading-title elementor-size-default\">Transport Point \u00e0 Point<\/h2>\t\t<\/div>\n\t\t\t\t<\/div>\n\t\t\t\t<div class=\"elementor-element elementor-element-775d3f9 elementor-widget elementor-widget-heading\" data-id=\"775d3f9\" data-element_type=\"widget\" data-widget_type=\"heading.default\">\n\t\t\t\t<div class=\"elementor-widget-container\">\n\t\t\t<h3 class=\"elementor-heading-title elementor-size-default\">Voyagez partout dans le monde avec une expertise locale<\/h3>\t\t<\/div>\n\t\t\t\t<\/div>\n\t\t\t\t<div class=\"elementor-element elementor-element-78ef5914 elementor-invisible elementor-widget elementor-widget-text-editor\" data-id=\"78ef5914\" data-element_type=\"widget\" data-settings=\"{&quot;_animation&quot;:&quot;fadeInUp&quot;,&quot;_animation_delay&quot;:250}\" data-widget_type=\"text-editor.default\">\n\t\t\t\t<div class=\"elementor-widget-container\">\n\t\t\t\t\t\t\t<p>D\u00e9placez-vous sans effort avec le <strong>transport point \u00e0 point<\/strong> de Mimo Limousine. Que ce soit pour <strong>les affaires ou le plaisir<\/strong>, nos services sur mesure garantissent un trajet fluide et fiable entre <strong>n\u2019importe quelles deux destinations \u00e0 travers le monde<\/strong>. Faites confiance \u00e0 notre expertise pour rendre votre voyage international aussi confortable et sans stress que possible.<\/p>\t\t\t\t\t\t<\/div>\n\t\t\t\t<\/div>\n\t\t\t\t\t<\/div>\n\t\t<\/div>\n\t\t\t\t\t<\/div>\n\t\t<\/section>\n\t\t\t\t<section class=\"elementor-section elementor-top-section elementor-element elementor-element-b91614f elementor-section-boxed elementor-section-height-default elementor-section-height-default\" data-id=\"b91614f\" data-element_type=\"section\" data-settings=\"{&quot;jet_parallax_layout_list&quot;:[],&quot;background_background&quot;:&quot;classic&quot;}\">\n\t\t\t\t\t\t<div class=\"elementor-container elementor-column-gap-default\">\n\t\t\t\t\t<div class=\"elementor-column elementor-col-50 elementor-top-column elementor-element elementor-element-342307b\" data-id=\"342307b\" data-element_type=\"column\">\n\t\t\t<div class=\"elementor-widget-wrap elementor-element-populated\">\n\t\t\t\t\t\t<div class=\"elementor-element elementor-element-447a579 elementor-invisible elementor-widget elementor-widget-heading\" data-id=\"447a579\" data-element_type=\"widget\" data-settings=\"{&quot;_animation&quot;:&quot;fadeInLeft&quot;}\" data-widget_type=\"heading.default\">\n\t\t\t\t<div class=\"elementor-widget-container\">\n\t\t\t<h2 class=\"elementor-heading-title elementor-size-default\">Voyages d\u2019Affaires Internationaux<\/h2>\t\t<\/div>\n\t\t\t\t<\/div>\n\t\t\t\t<div class=\"elementor-element elementor-element-bdd8a39 elementor-invisible elementor-widget elementor-widget-text-editor\" data-id=\"bdd8a39\" data-element_type=\"widget\" data-settings=\"{&quot;_animation&quot;:&quot;fadeInLeft&quot;,&quot;_animation_delay&quot;:250}\" data-widget_type=\"text-editor.default\">\n\t\t\t\t<div class=\"elementor-widget-container\">\n\t\t\t\t\t\t\t<p><strong>Le transport corporatif mondial, r\u00e9invent\u00e9<\/strong><\/p><p>Red\u00e9finissez vos d\u00e9placements professionnels avec les <strong>services de voyage d\u2019affaires internationaux<\/strong> de Mimo Limousine. Con\u00e7us pour les voyageurs d\u2019affaires exigeants, nos solutions assurent <strong>ponctualit\u00e9, confort et professionnalisme<\/strong> pour vos r\u00e9unions, conf\u00e9rences et \u00e9v\u00e9nements partout dans le monde.<\/p>\t\t\t\t\t\t<\/div>\n\t\t\t\t<\/div>\n\t\t\t\t\t<\/div>\n\t\t<\/div>\n\t\t\t\t<div class=\"elementor-column elementor-col-50 elementor-top-column elementor-element elementor-element-a9d368a\" data-id=\"a9d368a\" data-element_type=\"column\">\n\t\t\t<div class=\"elementor-widget-wrap elementor-element-populated\">\n\t\t\t\t\t\t<div class=\"elementor-element elementor-element-74d802c elementor-invisible elementor-widget elementor-widget-heading\" data-id=\"74d802c\" data-element_type=\"widget\" data-settings=\"{&quot;_animation&quot;:&quot;fadeInRight&quot;}\" data-widget_type=\"heading.default\">\n\t\t\t\t<div class=\"elementor-widget-container\">\n\t\t\t<h2 class=\"elementor-heading-title elementor-size-default\">Transport A\u00e9roportuaire<\/h2>\t\t<\/div>\n\t\t\t\t<\/div>\n\t\t\t\t<div class=\"elementor-element elementor-element-72a1d95 elementor-invisible elementor-widget elementor-widget-text-editor\" data-id=\"72a1d95\" data-element_type=\"widget\" data-settings=\"{&quot;_animation&quot;:&quot;fadeInRight&quot;,&quot;_animation_delay&quot;:250}\" data-widget_type=\"text-editor.default\">\n\t\t\t\t<div class=\"elementor-widget-container\">\n\t\t\t\t\t\t\t<p><strong>Des transferts a\u00e9roportuaires internationaux sans effort<\/strong><\/p><p>Commencez ou terminez votre voyage en toute s\u00e9r\u00e9nit\u00e9 gr\u00e2ce aux <strong>services de transport a\u00e9roportuaire<\/strong> de Mimo Limousine. De <strong>Montr\u00e9al aux plus grands hubs internationaux<\/strong>, nous garantissons <strong>des arriv\u00e9es \u00e0 l\u2019heure, des transferts fluides et un confort in\u00e9gal\u00e9\u2014\u00e0 chaque trajet.<\/strong><\/p>\t\t\t\t\t\t<\/div>\n\t\t\t\t<\/div>\n\t\t\t\t\t<\/div>\n\t\t<\/div>\n\t\t\t\t\t<\/div>\n\t\t<\/section>\n\t\t\t\t<section class=\"elementor-section elementor-top-section elementor-element elementor-element-181e5041 elementor-section-boxed elementor-section-height-default elementor-section-height-default\" data-id=\"181e5041\" data-element_type=\"section\" data-settings=\"{&quot;jet_parallax_layout_list&quot;:[],&quot;background_background&quot;:&quot;classic&quot;}\">\n\t\t\t\t\t\t<div class=\"elementor-container elementor-column-gap-default\">\n\t\t\t\t\t<div class=\"elementor-column elementor-col-50 elementor-top-column elementor-element elementor-element-58179715\" data-id=\"58179715\" data-element_type=\"column\">\n\t\t\t<div class=\"elementor-widget-wrap\">\n\t\t\t\t\t\t\t<\/div>\n\t\t<\/div>\n\t\t\t\t<div class=\"elementor-column elementor-col-50 elementor-top-column elementor-element elementor-element-1414bf3c\" data-id=\"1414bf3c\" data-element_type=\"column\">\n\t\t\t<div class=\"elementor-widget-wrap elementor-element-populated\">\n\t\t\t\t\t\t<div class=\"elementor-element elementor-element-7c713a93 elementor-invisible elementor-widget elementor-widget-heading\" data-id=\"7c713a93\" data-element_type=\"widget\" data-settings=\"{&quot;_animation&quot;:&quot;fadeInRight&quot;}\" data-widget_type=\"heading.default\">\n\t\t\t\t<div class=\"elementor-widget-container\">\n\t\t\t<h3 class=\"elementor-heading-title elementor-size-default\">Pourquoi choisir Mimo Limousine pour vos d\u00e9placements internationaux?\n<\/h3>\t\t<\/div>\n\t\t\t\t<\/div>\n\t\t\t\t<div class=\"elementor-element elementor-element-784e5508 elementor-invisible elementor-widget elementor-widget-text-editor\" data-id=\"784e5508\" data-element_type=\"widget\" data-settings=\"{&quot;_animation&quot;:&quot;fadeInRight&quot;,&quot;_animation_delay&quot;:250}\" data-widget_type=\"text-editor.default\">\n\t\t\t\t<div class=\"elementor-widget-container\">\n\t\t\t\t\t\t\t<ul><li><strong>Disponibilit\u00e9 24\/7 dans le monde entier<\/strong> \u2013 Un soutien d\u00e9di\u00e9, o\u00f9 que vous soyez, \u00e0 tout moment.<\/li><li><strong>Chauffeurs professionnels<\/strong> \u2013 Experts certifi\u00e9s assurant un voyage <strong>s\u00e9curitaire, fluide et luxueux<\/strong>.<\/li><li><strong>R\u00e9seau mondial de partenaires<\/strong> \u2013 Un service coh\u00e9rent et haut de gamme dans les grandes villes internationales.<\/li><li><strong>Solutions sur mesure<\/strong> \u2013 Des options flexibles adapt\u00e9es \u00e0 vos besoins de voyage uniques.<\/li><\/ul>\t\t\t\t\t\t<\/div>\n\t\t\t\t<\/div>\n\t\t\t\t<div class=\"elementor-element elementor-element-7949ebd7 elementor-invisible elementor-widget elementor-widget-heading\" data-id=\"7949ebd7\" data-element_type=\"widget\" data-settings=\"{&quot;_animation&quot;:&quot;fadeInRight&quot;}\" data-widget_type=\"heading.default\">\n\t\t\t\t<div class=\"elementor-widget-container\">\n\t\t\t<h3 class=\"elementor-heading-title elementor-size-default\">\u00c0 propos de Mimo Limousine<\/h3>\t\t<\/div>\n\t\t\t\t<\/div>\n\t\t\t\t<div class=\"elementor-element elementor-element-aed8470 elementor-invisible elementor-widget elementor-widget-text-editor\" data-id=\"aed8470\" data-element_type=\"widget\" data-settings=\"{&quot;_animation&quot;:&quot;fadeInRight&quot;,&quot;_animation_delay&quot;:250}\" data-widget_type=\"text-editor.default\">\n\t\t\t\t<div class=\"elementor-widget-container\">\n\t\t\t\t\t\t\t<p>Chez <strong>Mimo Limousine<\/strong>, nous mettons \u00e0 profit <strong>plus de 28 ans d\u2019expertise<\/strong> et un engagement in\u00e9branlable envers l\u2019excellence dans chacun de nos services. Entreprise <strong>familiale bas\u00e9e \u00e0 Montr\u00e9al<\/strong>, nous \u00e9largissons d\u00e9sormais notre <strong>r\u00e9putation de fiabilit\u00e9 et de luxe \u00e0 l\u2019\u00e9chelle mondiale<\/strong>. Gr\u00e2ce \u00e0 nos valeurs fondamentales\u2014<strong>honn\u00eatet\u00e9, fiabilit\u00e9 et professionnalisme<\/strong>\u2014nous offrons une exp\u00e9rience de voyage haut de gamme, que ce soit <strong>localement ou \u00e0 l\u2019international<\/strong>.<\/p>\t\t\t\t\t\t<\/div>\n\t\t\t\t<\/div>\n\t\t\t\t\t<\/div>\n\t\t<\/div>\n\t\t\t\t\t<\/div>\n\t\t<\/section>\n\t\t\t\t<section class=\"elementor-section elementor-top-section elementor-element elementor-element-7fd4fe01 elementor-section-boxed elementor-section-height-default elementor-section-height-default\" data-id=\"7fd4fe01\" data-element_type=\"section\" data-settings=\"{&quot;jet_parallax_layout_list&quot;:[]}\">\n\t\t\t\t\t\t<div class=\"elementor-container elementor-column-gap-default\">\n\t\t\t\t\t<div class=\"elementor-column elementor-col-100 elementor-top-column elementor-element elementor-element-53ca7e58\" data-id=\"53ca7e58\" data-element_type=\"column\">\n\t\t\t<div class=\"elementor-widget-wrap elementor-element-populated\">\n\t\t\t\t\t\t<div class=\"elementor-element elementor-element-ee0afbe elementor-align-center elementor-mobile-align-justify elementor-widget-mobile__width-inherit elementor-invisible elementor-widget elementor-widget-button\" data-id=\"ee0afbe\" data-element_type=\"widget\" data-settings=\"{&quot;_animation&quot;:&quot;fadeInUp&quot;,&quot;_animation_delay&quot;:250}\" data-widget_type=\"button.default\">\n\t\t\t\t<div class=\"elementor-widget-container\">\n\t\t\t\t\t<div class=\"elementor-button-wrapper\">\n\t\t\t<a class=\"elementor-button elementor-button-link elementor-size-sm\" href=\"\/contact\/\">\n\t\t\t\t\t\t<span class=\"elementor-button-content-wrapper\">\n\t\t\t\t\t\t\t\t\t<span class=\"elementor-button-text\">R\u00e9servez d\u00e8s maintenant ou contactez-nous pour plus d\u2019informations sur nos services de transport mondial!<\/span>\n\t\t\t\t\t<\/span>\n\t\t\t\t\t<\/a>\n\t\t<\/div>\n\t\t\t\t<\/div>\n\t\t\t\t<\/div>\n\t\t\t\t\t<\/div>\n\t\t<\/div>\n\t\t\t\t\t<\/div>\n\t\t<\/section>\n\t\t\t\t<\/div>\n\t\t","protected":false},"excerpt":{"rendered":"<p>TRANSPORT MONDIAL Vivez le luxe du voyage international avec les services de transport global de Mimo Limousine. Gr\u00e2ce \u00e0 notre engagement envers l\u2019excellence et \u00e0 un r\u00e9seau mondial de partenaires de confiance, nous vous offrons un service de classe mondiale, o\u00f9 que vous alliez. Qu\u2019il s\u2019agisse de transferts point \u00e0 point ou de prises en [&hellip;]<\/p>\n","protected":false},"author":2,"featured_media":0,"parent":0,"menu_order":0,"comment_status":"closed","ping_status":"closed","template":"","meta":{"_seopress_robots_primary_cat":"","_seopress_titles_title":"","_seopress_titles_desc":"","_seopress_robots_index":"","footnotes":""},"class_list":["post-20159","page","type-page","status-publish","hentry"],"acf":[],"_links":{"self":[{"href":"https:\/\/www.mimolimousine.com\/fr\/wp-json\/wp\/v2\/pages\/20159","targetHints":{"allow":["GET"]}}],"collection":[{"href":"https:\/\/www.mimolimousine.com\/fr\/wp-json\/wp\/v2\/pages"}],"about":[{"href":"https:\/\/www.mimolimousine.com\/fr\/wp-json\/wp\/v2\/types\/page"}],"author":[{"embeddable":true,"href":"https:\/\/www.mimolimousine.com\/fr\/wp-json\/wp\/v2\/users\/2"}],"replies":[{"embeddable":true,"href":"https:\/\/www.mimolimousine.com\/fr\/wp-json\/wp\/v2\/comments?post=20159"}],"version-history":[{"count":7,"href":"https:\/\/www.mimolimousine.com\/fr\/wp-json\/wp\/v2\/pages\/20159\/revisions"}],"predecessor-version":[{"id":20561,"href":"https:\/\/www.mimolimousine.com\/fr\/wp-json\/wp\/v2\/pages\/20159\/revisions\/20561"}],"wp:attachment":[{"href":"https:\/\/www.mimolimousine.com\/fr\/wp-json\/wp\/v2\/media?parent=20159"}],"curies":[{"name":"wp","href":"https:\/\/api.w.org\/{rel}","templated":true}]}}