{"id":3,"date":"2021-05-28T01:58:59","date_gmt":"2021-05-28T05:58:59","guid":{"rendered":"https:\/\/www.mimolimousine.com\/?page_id=3"},"modified":"2022-12-22T00:03:00","modified_gmt":"2022-12-22T05:03:00","slug":"politique-de-confidentialite","status":"publish","type":"page","link":"https:\/\/www.mimolimousine.com\/fr\/politique-de-confidentialite\/","title":{"rendered":"Politiques de confidentialit\u00e9"},"content":{"rendered":"\r\n<h1 class=\"wp-block-heading\"><strong>POLITIQUES DE CONFIDENTIALIT\u00c9<\/strong><\/h1>\r\n<p>La vie priv\u00e9e de nos visiteurs et clients est d\u2019une grande importance pour nous. Cette politique de confidentialit\u00e9 (la \u201cPolitique de confidentialit\u00e9\u201c) vise \u00e0 vous informer de nos politiques et pratiques concernant la collecte, l\u2019utilisation et la divulgation de toute information personnelle que nous obtenons sur vous en fonction de votre utilisation de notre site web, produits et \/ ou services.<\/p>\r\n<p><b>CONSENTEMENT D\u2019UTILISATEUR<\/b><\/p>\r\n<p>En visitant notre site Web ou en utilisant nos produits ou services, vous acceptez les termes de cette politique de confidentialit\u00e9. Vous consentez express\u00e9ment au traitement de vos informations personnelles conform\u00e9ment \u00e0 cette politique de confidentialit\u00e9.<\/p>\r\n<p><b>COLLECTE D\u2019INFORMATIONS<\/b><\/p>\r\n<p>Les informations personnelles que nous collectons nous permettent d\u2019en savoir plus sur nos clients et clients potentiels. Nous utilisons \u00e9galement les informations pour personnaliser toutes nos fonctionnalit\u00e9s et le soutien de nos services commerciaux, tout en vous contactant de temps en temps avec les informations et offres promotionnelles n\u00e9cessaires concernant nos services.<\/p>\r\n<p><b>INFORMATIONS PERSONNELLES QUE VOUS NOUS FOURNISSONS<\/b><\/p>\r\n<p>Nous recueillons des renseignements personnels que vous nous soumettez volontairement. Les renseignements personnels que nous recueillons comprennent, sans s\u2019y limiter, votre nom, votre adresse postale, votre adresse Web, votre num\u00e9ro de t\u00e9l\u00e9phone, votre adresse de courriel et les renseignements contenus dans les courriels ou autres communications que vous nous envoyez ou que vous transmettez \u00e0 nous de toute autre mani\u00e8re.<\/p>\r\n<p><b>RENSEIGNEMENTS PERSONNELS COLLECT\u00c9S PAR LA TECHNOLOGIE<\/b><\/p>\r\n<p>Lorsque vous naviguez sur notre site Web, certaines informations passives peuvent \u00e9galement \u00eatre collect\u00e9es, notamment votre adresse de protocole Internet, votre type de navigateur et votre syst\u00e8me d\u2019exploitation. Nous pouvons \u00e9galement utiliser des cookies, un petit fichier stock\u00e9 par votre navigateur sur votre ordinateur et des donn\u00e9es de navigation comme des URL (Uniform Resource Locator) pour collecter des informations sur la date et l\u2019heure de votre visite et les solutions et informations recherch\u00e9es. Ce type d\u2019information est recueilli pour vous rendre plus utile nos solutions et services en comprenant les pages sur lesquelles vous cliquez pendant votre visite sur nos sites Web. Ces informations nous permettront d\u2019am\u00e9liorer et de personnaliser votre exp\u00e9rience. Accepter les cookies via votre navigateur Web est votre choix personnel. Vous pouvez configurer votre navigateur pour d\u00e9sactiver les cookies. Cependant, si vous choisissez de ne pas accepter les cookies, nous ne pourrons peut-\u00eatre pas vous fournir une exp\u00e9rience aussi personnalis\u00e9e que celle qui est sp\u00e9cifiquement adapt\u00e9e \u00e0 vos besoins en utilisant les cookies.<\/p>\r\n<p><b>DIVULGATION D\u2019INFORMATIONS<\/b><\/p>\r\n<p>Les renseignements personnels qui nous sont soumis seront utilis\u00e9s pour mettre en place tous nos services, en r\u00e9pondant \u00e0 vos demandes qui sont faites, et pour traiter toutes les r\u00e9servations pour faciliter votre demande de r\u00e9servation pour un devis de limousine. Nous pouvons utiliser vos renseignements personnels pour vous fournir des bulletins \u00e9lectroniques ou des courriels promotionnels ainsi que des informations et des offres sur nos produits et services. Nous pouvons \u00e9galement utiliser des partenaires publicitaires tiers et ses fournisseurs de services afin de vous livrer des banni\u00e8res publicitaires et d\u2019autres publicit\u00e9s adapt\u00e9es \u00e0 vos int\u00e9r\u00eats lorsque vous visitez certains sites Web.<\/p>\r\n<p>Nous pouvons \u00e9galement utiliser des tiers pour conserver et stocker vos informations personnelles et pour traiter tout paiement que vous nous faites. G\u00e9n\u00e9ralement, ces tiers sont tenus de ne pas utiliser vos renseignements personnels autrement que pour fournir les services demand\u00e9s par nous. Nous pouvons \u00e9galement divulguer vos renseignements personnels si nous croyons de bonne foi qu\u2019une telle divulgation est n\u00e9cessaire pour (a) se conformer aux lois pertinentes ou pour r\u00e9pondre aux citations \u00e0 compara\u00eetre ou aux mandats qui nous sont signifi\u00e9s; ou (b) pour prot\u00e9ger et d\u00e9fendre nos droits ou propri\u00e9t\u00e9 ou les droits ou la propri\u00e9t\u00e9 des utilisateurs de nos sites Web ou de nos clients.<\/p>\r\n<p>Si notre soci\u00e9t\u00e9 ou nos actifs sont acquis par une autre soci\u00e9t\u00e9, cette soci\u00e9t\u00e9 poss\u00e9dera les informations personnelles recueillies par nous et elle assumera les droits et obligations concernant vos informations personnelles comme d\u00e9crit dans cette politique de confidentialit\u00e9.<\/p>\r\n<p><b>VOS CHOIX CONCERNANT VOS INFORMATIONS PERSONNELLES<\/b><\/p>\r\n<p>Si vous d\u00e9cidez d\u2019arr\u00eater de recevoir des communications par courriel ou des bulletins d\u2019information de notre part, vous aurez la possibilit\u00e9 de vous d\u00e9sinscrire en suivant les instructions de d\u00e9sabonnement fournies dans l\u2019e-mail. Si vous avez des questions \u00e0 propos de cette politique de confidentialit\u00e9, ou si vous souhaitez vous abonner \u00e0 des communications de notre part, vous pouvez le faire en nous contactant. Malgr\u00e9 vos pr\u00e9f\u00e9rences de courriel indiqu\u00e9es, nous pouvons vous envoyer un courriel concernant les mises \u00e0 jour des avis juridiques applicables \u00e0 tout compte que vous cr\u00e9ez avec nous. De temps en temps, nous pouvons \u00e9galement vous contacter par t\u00e9l\u00e9phone pour vous offrir des produits ou services que nous croyons susceptibles de vous \u00eatre utiles. Si vous pr\u00e9f\u00e9rez ne pas recevoir de tels appels, veuillez nous contacter \u00e0 l\u2019avance ou aviser le repr\u00e9sentant qui vous contactera.<\/p>\r\n<p><b>AU SUJET DES MINEURS<\/b><\/p>\r\n<p>Nos sites Web ne sont pas con\u00e7us pour les mineurs de moins de 18 ans. Nous ne collectons pas intentionnellement des informations personnelles sur les visiteurs de moins de 18 ans.<\/p>\r\n<p><b>LIENS VERS D\u2019AUTRES SITES<\/b><\/p>\r\n<p>Notre fourniture d\u2019un lien vers tout autre site ou emplacement est pour votre commodit\u00e9 et ne signifie pas notre approbation de cet autre site ou emplacement ou de son contenu. Nous n\u2019avons aucun contr\u00f4le sur, n\u2019examinons pas et ne pouvons pas \u00eatre responsables de ces sites Web externes ou de leur contenu. Veuillez noter que les termes de notre Politique de confidentialit\u00e9 ne s\u2019appliquent pas \u00e0 ces sites Web externes.<\/p>\r\n<p><b>S\u00c9CURIT\u00c9<\/b><\/p>\r\n<p>Nous utilisons des mesures raisonnables pour assurer la s\u00e9curit\u00e9 de vos informations personnelles. M\u00eame ainsi, des erreurs techniques sont possibles. Cependant, aucune entreprise, y compris nous, ne peut \u00e9liminer compl\u00e8tement les risques de s\u00e9curit\u00e9 associ\u00e9s aux renseignements personnels.<\/p>\r\n<p><b>MISES \u00c0 JOUR DE LA POLITIQUE DE CONFIDENTIALIT\u00c9<\/b><\/p>\r\n<p>Cette politique de confidentialit\u00e9 est sujette \u00e0 des r\u00e9visions occasionnelles, et si nous apportons des changements dans la fa\u00e7on dont nous utilisons vos informations personnelles, nous vous en informerons en publiant une politique priv\u00e9e mise \u00e0 jour sur notre site Web. Si vous vous opposez \u00e0 de tels changements, vous devez cesser d\u2019utiliser notre site Web, nos produits et \/ ou services. L\u2019utilisation continue de notre site Web, de nos produits et \/ ou services apr\u00e8s la notification de tels changements indiquera votre reconnaissance de tels changements et votre acceptation d\u2019\u00eatre li\u00e9 par de tels changements.<\/p>\r\n<p><b>D\u00c9CLARATION DE CL\u00d4TURE<\/b><\/p>\r\n<p>Nous appr\u00e9cions votre vie priv\u00e9e comme si c\u2019\u00e9tait la n\u00f4tre. Nous ne vendrons jamais votre adresse e-mail ou toute autre information vous concernant \u00e0 un tiers. Nous ne nous engagerons pas non plus sciemment dans un autre comportement qui pourrait compromettre votre vie priv\u00e9e.<\/p>\r\n","protected":false},"excerpt":{"rendered":"<p>POLITIQUES DE CONFIDENTIALIT\u00c9 La vie priv\u00e9e de nos visiteurs et clients est d\u2019une grande importance pour nous. Cette politique de confidentialit\u00e9 (la \u201cPolitique de confidentialit\u00e9\u201c) vise \u00e0 vous informer de nos politiques et pratiques concernant la collecte, l\u2019utilisation et la divulgation de toute information personnelle que nous obtenons sur vous en fonction de votre utilisation [&hellip;]<\/p>\n","protected":false},"author":1,"featured_media":0,"parent":0,"menu_order":0,"comment_status":"closed","ping_status":"closed","template":"","meta":{"_seopress_robots_primary_cat":"","_seopress_titles_title":"","_seopress_titles_desc":"","_seopress_robots_index":"","footnotes":""},"class_list":["post-3","page","type-page","status-publish","hentry"],"acf":[],"_links":{"self":[{"href":"https:\/\/www.mimolimousine.com\/fr\/wp-json\/wp\/v2\/pages\/3","targetHints":{"allow":["GET"]}}],"collection":[{"href":"https:\/\/www.mimolimousine.com\/fr\/wp-json\/wp\/v2\/pages"}],"about":[{"href":"https:\/\/www.mimolimousine.com\/fr\/wp-json\/wp\/v2\/types\/page"}],"author":[{"embeddable":true,"href":"https:\/\/www.mimolimousine.com\/fr\/wp-json\/wp\/v2\/users\/1"}],"replies":[{"embeddable":true,"href":"https:\/\/www.mimolimousine.com\/fr\/wp-json\/wp\/v2\/comments?post=3"}],"version-history":[{"count":4,"href":"https:\/\/www.mimolimousine.com\/fr\/wp-json\/wp\/v2\/pages\/3\/revisions"}],"predecessor-version":[{"id":1667,"href":"https:\/\/www.mimolimousine.com\/fr\/wp-json\/wp\/v2\/pages\/3\/revisions\/1667"}],"wp:attachment":[{"href":"https:\/\/www.mimolimousine.com\/fr\/wp-json\/wp\/v2\/media?parent=3"}],"curies":[{"name":"wp","href":"https:\/\/api.w.org\/{rel}","templated":true}]}}